{"id":665,"date":"2024-09-26T10:55:03","date_gmt":"2024-09-26T08:55:03","guid":{"rendered":"https:\/\/bs-reinigungen.ch\/?page_id=665"},"modified":"2024-10-11T16:56:36","modified_gmt":"2024-10-11T14:56:36","slug":"nettoyage-de-batiments-et-de-textiles-par-un-seul-prestataire","status":"publish","type":"page","link":"https:\/\/bs-reinigungen.ch\/fr\/portefeuille-de-services\/nettoyage-de-batiments-et-de-textiles-par-un-seul-prestataire\/","title":{"rendered":"Nettoyage de b\u00e2timents et de textiles par un seul prestataire"},"content":{"rendered":"<p>[et_pb_section fb_built=\u00a0\u00bb1&Prime; custom_padding_last_edited=\u00a0\u00bbon|desktop\u00a0\u00bb admin_label=\u00a0\u00bbsection\u00a0\u00bb module_class=\u00a0\u00bbsection_dienst\u00a0\u00bb _builder_version=\u00a0\u00bb4.27.0&Prime; custom_margin=\u00a0\u00bb0px||0px||false|false\u00a0\u00bb custom_padding=\u00a0\u00bb95px|40px|100px|40px|false|true\u00a0\u00bb custom_padding_tablet=\u00a0\u00bb75px|20px|80px|20px|false|true\u00a0\u00bb custom_padding_phone=\u00a0\u00bb75px|20px||20px|false|true\u00a0\u00bb global_colors_info=\u00a0\u00bb{}\u00a0\u00bb][et_pb_row _builder_version=\u00a0\u00bb4.27.0&Prime; _module_preset=\u00a0\u00bbdefault\u00a0\u00bb custom_margin=\u00a0\u00bb0px||40px||false|false\u00a0\u00bb custom_margin_tablet=\u00a0\u00bb||20px||false|false\u00a0\u00bb custom_margin_phone=\u00a0\u00bb||0px||false|false\u00a0\u00bb custom_margin_last_edited=\u00a0\u00bbon|desktop\u00a0\u00bb custom_padding=\u00a0\u00bb0px||0px||false|false\u00a0\u00bb global_colors_info=\u00a0\u00bb{}\u00a0\u00bb][et_pb_column type=\u00a0\u00bb4_4&Prime; _builder_version=\u00a0\u00bb4.27.0&Prime; _module_preset=\u00a0\u00bbdefault\u00a0\u00bb global_colors_info=\u00a0\u00bb{}\u00a0\u00bb][et_pb_post_title meta=\u00a0\u00bboff\u00a0\u00bb featured_image=\u00a0\u00bboff\u00a0\u00bb _builder_version=\u00a0\u00bb4.27.0&Prime; _module_preset=\u00a0\u00bbdefault\u00a0\u00bb title_font_size=\u00a0\u00bb70px\u00a0\u00bb custom_margin=\u00a0\u00bb0px||20px||false|false\u00a0\u00bb custom_padding=\u00a0\u00bb0px||0px||false|false\u00a0\u00bb title_font_size_tablet=\u00a0\u00bb53px\u00a0\u00bb title_font_size_phone=\u00a0\u00bb36px\u00a0\u00bb title_font_size_last_edited=\u00a0\u00bbon|desktop\u00a0\u00bb global_colors_info=\u00a0\u00bb{}\u00a0\u00bb][\/et_pb_post_title][\/et_pb_column][\/et_pb_row][et_pb_row admin_label=\u00a0\u00bbrow\u00a0\u00bb _builder_version=\u00a0\u00bb4.27.0&Prime; background_size=\u00a0\u00bbinitial\u00a0\u00bb background_position=\u00a0\u00bbtop_left\u00a0\u00bb background_repeat=\u00a0\u00bbrepeat\u00a0\u00bb custom_margin=\u00a0\u00bb0px||20px||false|false\u00a0\u00bb custom_margin_tablet=\u00a0\u00bb||15px||false|false\u00a0\u00bb custom_margin_phone=\u00a0\u00bb||10px||false|false\u00a0\u00bb custom_margin_last_edited=\u00a0\u00bbon|desktop\u00a0\u00bb custom_padding=\u00a0\u00bb0px||0px||false|false\u00a0\u00bb global_colors_info=\u00a0\u00bb{}\u00a0\u00bb][et_pb_column type=\u00a0\u00bb4_4&Prime; _builder_version=\u00a0\u00bb4.16&Prime; custom_padding=\u00a0\u00bb|||\u00a0\u00bb global_colors_info=\u00a0\u00bb{}\u00a0\u00bb custom_padding__hover=\u00a0\u00bb|||\u00a0\u00bb][et_pb_text _builder_version=\u00a0\u00bb4.27.2&Prime; _module_preset=\u00a0\u00bbdefault\u00a0\u00bb header_3_font_size=\u00a0\u00bb21px\u00a0\u00bb custom_margin=\u00a0\u00bb0px||20px||false|false\u00a0\u00bb custom_margin_tablet=\u00a0\u00bb||15px||false|false\u00a0\u00bb custom_margin_phone=\u00a0\u00bb||10px||false|false\u00a0\u00bb custom_margin_last_edited=\u00a0\u00bbon|desktop\u00a0\u00bb custom_padding=\u00a0\u00bb0px||0px||false|false\u00a0\u00bb hover_enabled=\u00a0\u00bb0&Prime; text_font_size_tablet=\u00a0\u00bb16px\u00a0\u00bb text_font_size_phone=\u00a0\u00bb16px\u00a0\u00bb text_font_size_last_edited=\u00a0\u00bbon|desktop\u00a0\u00bb header_3_font_size_tablet=\u00a0\u00bb20px\u00a0\u00bb header_3_font_size_phone=\u00a0\u00bb19px\u00a0\u00bb header_3_font_size_last_edited=\u00a0\u00bbon|phone\u00a0\u00bb global_colors_info=\u00a0\u00bb{}\u00a0\u00bb sticky_enabled=\u00a0\u00bb0&Prime;]<\/p>\n<p><a href=\"\/fr\/portefeuille-de-services\/\">&lt; Retour<\/a><\/p>\n<p>[\/et_pb_text][\/et_pb_column][\/et_pb_row][et_pb_row column_structure=\u00a0\u00bb2_3,1_3&Prime; use_custom_gutter=\u00a0\u00bbon\u00a0\u00bb gutter_width=\u00a0\u00bb2&Prime; make_equal=\u00a0\u00bbon\u00a0\u00bb admin_label=\u00a0\u00bbrow\u00a0\u00bb _builder_version=\u00a0\u00bb4.27.0&Prime; background_size=\u00a0\u00bbinitial\u00a0\u00bb background_position=\u00a0\u00bbtop_left\u00a0\u00bb background_repeat=\u00a0\u00bbrepeat\u00a0\u00bb custom_margin=\u00a0\u00bb0px||75px||false|false\u00a0\u00bb custom_padding=\u00a0\u00bb0px||0px||false|false\u00a0\u00bb global_colors_info=\u00a0\u00bb{}\u00a0\u00bb][et_pb_column type=\u00a0\u00bb2_3&Prime; _builder_version=\u00a0\u00bb4.16&Prime; custom_padding=\u00a0\u00bb|||\u00a0\u00bb global_colors_info=\u00a0\u00bb{}\u00a0\u00bb custom_padding__hover=\u00a0\u00bb|||\u00a0\u00bb][et_pb_image src=\u00a0\u00bbhttps:\/\/bs-reinigungen.ch\/wp-content\/uploads\/2024\/09\/download.jpg\u00a0\u00bb title_text=\u00a0\u00bbdownload\u00a0\u00bb _builder_version=\u00a0\u00bb4.27.0&Prime; _module_preset=\u00a0\u00bbdefault\u00a0\u00bb global_colors_info=\u00a0\u00bb{}\u00a0\u00bb][\/et_pb_image][\/et_pb_column][et_pb_column type=\u00a0\u00bb1_3&Prime; _builder_version=\u00a0\u00bb4.27.0&Prime; background_color=\u00a0\u00bb#182A7A\u00a0\u00bb custom_padding=\u00a0\u00bb35px|30px|35px|30px|true|true\u00a0\u00bb custom_padding_tablet=\u00a0\u00bb30px|25px|30px|25px|true|true\u00a0\u00bb custom_padding_phone=\u00a0\u00bb30px|25px|30px|25px|true|true\u00a0\u00bb custom_padding_last_edited=\u00a0\u00bbon|desktop\u00a0\u00bb border_radii=\u00a0\u00bbon|8px|8px|8px|8px\u00a0\u00bb global_colors_info=\u00a0\u00bb{}\u00a0\u00bb custom_padding__hover=\u00a0\u00bb|||\u00a0\u00bb][et_pb_text _builder_version=\u00a0\u00bb4.27.0&Prime; _module_preset=\u00a0\u00bbdefault\u00a0\u00bb text_text_color=\u00a0\u00bb#FFFFFF\u00a0\u00bb link_text_color=\u00a0\u00bb#FFFFFF\u00a0\u00bb header_3_font_size=\u00a0\u00bb21px\u00a0\u00bb custom_margin=\u00a0\u00bb0px||0px||false|false\u00a0\u00bb custom_padding=\u00a0\u00bb0px||0px||false|false\u00a0\u00bb text_font_size_tablet=\u00a0\u00bb16px\u00a0\u00bb text_font_size_phone=\u00a0\u00bb16px\u00a0\u00bb text_font_size_last_edited=\u00a0\u00bbon|desktop\u00a0\u00bb header_3_font_size_tablet=\u00a0\u00bb20px\u00a0\u00bb header_3_font_size_phone=\u00a0\u00bb19px\u00a0\u00bb header_3_font_size_last_edited=\u00a0\u00bbon|phone\u00a0\u00bb global_colors_info=\u00a0\u00bb{}\u00a0\u00bb]<strong>Kernkompetenzen der W\u00e4sche-Service Thun GmbH<\/strong><\/p>\n<ul>\n<li>Waschen, B\u00fcgeln, Mangeln<\/li>\n<li>Chemisch- und Nassreinigen<\/li>\n<li>Leder- und Teppich-Pflege<\/li>\n<li>Vorhang-Service<\/li>\n<li>N\u00e4h- und Flickarbeiten<\/li>\n<li>Hol- und Bring-Service<\/li>\n<\/ul>\n<p>&nbsp;<\/p>\n<p><img loading=\"lazy\" decoding=\"async\" src=\"https:\/\/bs-reinigungen.ch\/wp-content\/uploads\/2024\/09\/Waesche_Service_Logo4-1.jpg\" width=\"399\" height=\"122\" alt=\"Waesche Service Logo4 1\" class=\"wp-image-265 alignnone size-full\" style=\"display: block; margin-left: auto; margin-right: auto;\" title=\"Nettoyage de b\u00e2timents et de textiles par un seul prestataire\"><\/p>\n<p style=\"text-align: center;\"><a href=\"https:\/\/www.waesche-service.ch\/\" target=\"_blank\" rel=\"noopener\">www.waesche-service.ch<\/a><\/p>\n<p>[\/et_pb_text][\/et_pb_column][\/et_pb_row][et_pb_row column_structure=\u00a0\u00bb1_2,1_2&Prime; admin_label=\u00a0\u00bbrow\u00a0\u00bb _builder_version=\u00a0\u00bb4.27.0&Prime; background_size=\u00a0\u00bbinitial\u00a0\u00bb background_position=\u00a0\u00bbtop_left\u00a0\u00bb background_repeat=\u00a0\u00bbrepeat\u00a0\u00bb custom_margin=\u00a0\u00bb0px||0px||false|false\u00a0\u00bb custom_padding=\u00a0\u00bb0px||0px||false|false\u00a0\u00bb global_colors_info=\u00a0\u00bb{}\u00a0\u00bb][et_pb_column type=\u00a0\u00bb1_2&Prime; _builder_version=\u00a0\u00bb4.16&Prime; custom_padding=\u00a0\u00bb|||\u00a0\u00bb global_colors_info=\u00a0\u00bb{}\u00a0\u00bb custom_padding__hover=\u00a0\u00bb|||\u00a0\u00bb][et_pb_text _builder_version=\u00a0\u00bb4.27.2&Prime; _module_preset=\u00a0\u00bbdefault\u00a0\u00bb header_3_font_size=\u00a0\u00bb21px\u00a0\u00bb custom_margin=\u00a0\u00bb0px||0px||false|false\u00a0\u00bb custom_margin_tablet=\u00a0\u00bb||25px||false|false\u00a0\u00bb custom_margin_phone=\u00a0\u00bb||25px||false|false\u00a0\u00bb custom_margin_last_edited=\u00a0\u00bbon|desktop\u00a0\u00bb custom_padding=\u00a0\u00bb0px||0px||false|false\u00a0\u00bb hover_enabled=\u00a0\u00bb0&Prime; text_font_size_tablet=\u00a0\u00bb16px\u00a0\u00bb text_font_size_phone=\u00a0\u00bb16px\u00a0\u00bb text_font_size_last_edited=\u00a0\u00bbon|desktop\u00a0\u00bb header_3_font_size_tablet=\u00a0\u00bb20px\u00a0\u00bb header_3_font_size_phone=\u00a0\u00bb19px\u00a0\u00bb header_3_font_size_last_edited=\u00a0\u00bbon|phone\u00a0\u00bb global_colors_info=\u00a0\u00bb{}\u00a0\u00bb sticky_enabled=\u00a0\u00bb0&Prime;]<\/p>\n<p>N&rsquo;h\u00e9sitez pas \u00e0 prendre contact avec nous.<br \/>Nous nous ferons un plaisir d&rsquo;\u00e9laborer pour vous un \u00ab paquet propret\u00e9 complet \u00bb qui r\u00e9pondra \u00e0 vos besoins et \u00e0 vos exigences.<\/p>\n<p>&nbsp;<\/p>\n<p><a href=\"https:\/\/www.waesche-service.ch\/\" target=\"_blank\" rel=\"noopener\"><img loading=\"lazy\" decoding=\"async\" src=\"https:\/\/bs-reinigungen.ch\/wp-content\/uploads\/2024\/09\/Waesche_Service_Logo4-1.jpg\" width=\"401\" height=\"123\" alt=\"Waesche Service Logo4 1\" class=\"wp-image-265 alignnone size-full\" title=\"Nettoyage de b\u00e2timents et de textiles par un seul prestataire\"><\/a><\/p>\n<p>W\u00e4sche-Service Thun GmbH<br \/>Bernstrasse 15<br \/>3600 Thun<br \/>Schweiz<\/p>\n<p>033 437 44 77<br \/><a href=\"mailto:info@waesche-service.ch\">info@waesche-service.ch<\/a><br \/><a href=\"https:\/\/www.waesche-service.ch\/\" target=\"_blank\" rel=\"noopener\">www.waesche-service.ch<\/a><\/p>\n<p>[\/et_pb_text][\/et_pb_column][et_pb_column type=\u00a0\u00bb1_2&Prime; _builder_version=\u00a0\u00bb4.16&Prime; custom_padding=\u00a0\u00bb|||\u00a0\u00bb global_colors_info=\u00a0\u00bb{}\u00a0\u00bb custom_padding__hover=\u00a0\u00bb|||\u00a0\u00bb][et_pb_image src=\u00a0\u00bbhttps:\/\/bs-reinigungen.ch\/wp-content\/uploads\/2024\/10\/AdobeStock_787358317.jpeg\u00a0\u00bb title_text=\u00a0\u00bbCaucasian female professional employee, arranging cleaned clothes in modern, technologically advanced dry cleaning business. Amidst blue hues and sleek machinery. Concept of high-tech fabric care\u00a0\u00bb _builder_version=\u00a0\u00bb4.27.2&Prime; _module_preset=\u00a0\u00bbdefault\u00a0\u00bb custom_margin=\u00a0\u00bb0px||0px||false|false\u00a0\u00bb custom_padding=\u00a0\u00bb0px||0px||false|false\u00a0\u00bb global_colors_info=\u00a0\u00bb{}\u00a0\u00bb][\/et_pb_image][\/et_pb_column][\/et_pb_row][\/et_pb_section]<\/p>\n","protected":false},"excerpt":{"rendered":"<p>&lt; RetourKernkompetenzen der W\u00e4sche-Service Thun GmbH Waschen, B\u00fcgeln, Mangeln Chemisch- und Nassreinigen Leder- und Teppich-Pflege Vorhang-Service N\u00e4h- und Flickarbeiten Hol- und Bring-Service &nbsp; www.waesche-service.chN&rsquo;h\u00e9sitez pas \u00e0 prendre contact avec nous.Nous nous ferons un plaisir d&rsquo;\u00e9laborer pour vous un \u00ab paquet propret\u00e9 complet \u00bb qui r\u00e9pondra \u00e0 vos besoins et \u00e0 vos exigences. &nbsp; W\u00e4sche-Service Thun [&hellip;]<\/p>\n","protected":false},"author":1,"featured_media":0,"parent":454,"menu_order":0,"comment_status":"closed","ping_status":"closed","template":"","meta":{"_et_pb_use_builder":"on","_et_pb_old_content":"[et_pb_section fb_built=\"1\" custom_padding_last_edited=\"on|desktop\" admin_label=\"section\" module_class=\"section_dienst\" _builder_version=\"4.27.0\" custom_margin=\"0px||0px||false|false\" custom_padding=\"95px|40px|100px|40px|false|true\" custom_padding_tablet=\"75px|20px|80px|20px|false|true\" custom_padding_phone=\"75px|20px||20px|false|true\" global_colors_info=\"{}\"][et_pb_row _builder_version=\"4.27.0\" _module_preset=\"default\" custom_margin=\"0px||40px||false|false\" custom_margin_tablet=\"||20px||false|false\" custom_margin_phone=\"||0px||false|false\" custom_margin_last_edited=\"on|desktop\" custom_padding=\"0px||0px||false|false\" global_colors_info=\"{}\"][et_pb_column type=\"4_4\" _builder_version=\"4.27.0\" _module_preset=\"default\" global_colors_info=\"{}\"][et_pb_post_title meta=\"off\" featured_image=\"off\" _builder_version=\"4.27.0\" _module_preset=\"default\" title_font_size=\"70px\" custom_margin=\"0px||20px||false|false\" custom_padding=\"0px||0px||false|false\" title_font_size_tablet=\"53px\" title_font_size_phone=\"36px\" title_font_size_last_edited=\"on|desktop\" global_colors_info=\"{}\"][\/et_pb_post_title][\/et_pb_column][\/et_pb_row][et_pb_row admin_label=\"row\" _builder_version=\"4.27.0\" background_size=\"initial\" background_position=\"top_left\" background_repeat=\"repeat\" custom_margin=\"0px||20px||false|false\" custom_margin_tablet=\"||15px||false|false\" custom_margin_phone=\"||10px||false|false\" custom_margin_last_edited=\"on|desktop\" custom_padding=\"0px||0px||false|false\" global_colors_info=\"{}\"][et_pb_column type=\"4_4\" _builder_version=\"4.16\" custom_padding=\"|||\" global_colors_info=\"{}\" custom_padding__hover=\"|||\"][et_pb_text _builder_version=\"4.27.0\" _module_preset=\"default\" header_3_font_size=\"21px\" custom_margin=\"0px||20px||false|false\" custom_margin_tablet=\"||15px||false|false\" custom_margin_phone=\"||10px||false|false\" custom_margin_last_edited=\"on|desktop\" custom_padding=\"0px||0px||false|false\" text_font_size_tablet=\"16px\" text_font_size_phone=\"16px\" text_font_size_last_edited=\"on|desktop\" header_3_font_size_tablet=\"20px\" header_3_font_size_phone=\"19px\" header_3_font_size_last_edited=\"on|phone\" global_colors_info=\"{}\"]\n\n<a href=\"\/dienstleistungsportfolio\/\">&lt;\u00a0 Zur\u00fcck<\/a>\n\n[\/et_pb_text][\/et_pb_column][\/et_pb_row][et_pb_row column_structure=\"2_3,1_3\" use_custom_gutter=\"on\" gutter_width=\"2\" make_equal=\"on\" admin_label=\"row\" _builder_version=\"4.27.0\" background_size=\"initial\" background_position=\"top_left\" background_repeat=\"repeat\" custom_margin=\"0px||75px||false|false\" custom_padding=\"0px||0px||false|false\" global_colors_info=\"{}\"][et_pb_column type=\"2_3\" _builder_version=\"4.16\" custom_padding=\"|||\" global_colors_info=\"{}\" custom_padding__hover=\"|||\"][et_pb_image src=\"https:\/\/bs-reinigungen.ch\/wp-content\/uploads\/2024\/09\/download.jpg\" title_text=\"download\" _builder_version=\"4.27.0\" _module_preset=\"default\" global_colors_info=\"{}\"][\/et_pb_image][\/et_pb_column][et_pb_column type=\"1_3\" _builder_version=\"4.27.0\" background_color=\"#182A7A\" custom_padding=\"35px|30px|35px|30px|true|true\" custom_padding_tablet=\"30px|25px|30px|25px|true|true\" custom_padding_phone=\"30px|25px|30px|25px|true|true\" custom_padding_last_edited=\"on|desktop\" border_radii=\"on|8px|8px|8px|8px\" global_colors_info=\"{}\" custom_padding__hover=\"|||\"][et_pb_text _builder_version=\"4.27.0\" _module_preset=\"default\" text_text_color=\"#FFFFFF\" link_text_color=\"#FFFFFF\" header_3_font_size=\"21px\" custom_margin=\"0px||0px||false|false\" custom_padding=\"0px||0px||false|false\" text_font_size_tablet=\"16px\" text_font_size_phone=\"16px\" text_font_size_last_edited=\"on|desktop\" header_3_font_size_tablet=\"20px\" header_3_font_size_phone=\"19px\" header_3_font_size_last_edited=\"on|phone\" global_colors_info=\"{}\"]\n\n<strong>Kernkompetenzen der W\u00e4sche-Service Thun GmbH<\/strong>\n<ul>\n \t<li>Waschen, B\u00fcgeln, Mangeln<\/li>\n \t<li>Chemisch- und Nassreinigen<\/li>\n \t<li>Leder- und Teppich-Pflege<\/li>\n \t<li>Vorhang-Service<\/li>\n \t<li>N\u00e4h- und Flickarbeiten<\/li>\n \t<li>Hol- und Bring-Service<\/li>\n<\/ul>\n&nbsp;\n\n<img src=\"https:\/\/bs-reinigungen.ch\/wp-content\/uploads\/2024\/09\/Waesche_Service_Logo4-1.jpg\" width=\"399\" height=\"122\" alt=\"\" class=\"wp-image-265 alignnone size-full\" style=\"display: block; margin-left: auto; margin-right: auto;\" \/>\n<p style=\"text-align: center;\"><a href=\"https:\/\/www.waesche-service.ch\/\" target=\"_blank\" rel=\"noopener\">www.waesche-service.ch<\/a><\/p>\n[\/et_pb_text][\/et_pb_column][\/et_pb_row][et_pb_row column_structure=\"1_2,1_2\" admin_label=\"row\" _builder_version=\"4.27.0\" background_size=\"initial\" background_position=\"top_left\" background_repeat=\"repeat\" custom_margin=\"0px||0px||false|false\" custom_padding=\"0px||0px||false|false\" global_colors_info=\"{}\"][et_pb_column type=\"1_2\" _builder_version=\"4.16\" custom_padding=\"|||\" global_colors_info=\"{}\" custom_padding__hover=\"|||\"][et_pb_text _builder_version=\"4.27.0\" _module_preset=\"default\" header_3_font_size=\"21px\" custom_margin=\"0px||0px||false|false\" custom_margin_tablet=\"||25px||false|false\" custom_margin_phone=\"||25px||false|false\" custom_margin_last_edited=\"on|desktop\" custom_padding=\"0px||0px||false|false\" text_font_size_tablet=\"16px\" text_font_size_phone=\"16px\" text_font_size_last_edited=\"on|desktop\" header_3_font_size_tablet=\"20px\" header_3_font_size_phone=\"19px\" header_3_font_size_last_edited=\"on|phone\" global_colors_info=\"{}\"]\n\nNehmen Sie mit uns Kontakt auf.\nGerne erarbeiten wir f\u00fcr Sie ein \u00abrundum-sauber-Paket\u00bb, welches Ihren Bed\u00fcrfnissen und Anforderungen entspricht.\n\n&nbsp;\n\n<a href=\"https:\/\/www.waesche-service.ch\/\" target=\"_blank\" rel=\"noopener\"><img src=\"https:\/\/bs-reinigungen.ch\/wp-content\/uploads\/2024\/09\/Waesche_Service_Logo4-1.jpg\" width=\"401\" height=\"123\" alt=\"\" class=\"wp-image-265 alignnone size-full\" \/><\/a>\n\nW\u00e4sche-Service Thun GmbH\nBernstrasse 15\n3600 Thun\nSchweiz\n\n033 437 44 77\n<a href=\"mailto:info@waesche-service.ch\">info@waesche-service.ch<\/a>\n<a href=\"https:\/\/www.waesche-service.ch\/\" target=\"_blank\" rel=\"noopener\">www.waesche-service.ch<\/a>\n\n[\/et_pb_text][\/et_pb_column][et_pb_column type=\"1_2\" _builder_version=\"4.16\" custom_padding=\"|||\" global_colors_info=\"{}\" custom_padding__hover=\"|||\"][et_pb_image src=\"https:\/\/bs-reinigungen.ch\/wp-content\/uploads\/2024\/10\/AdobeStock_787358317.jpeg\" title_text=\"Caucasian female professional employee, arranging cleaned clothes in modern, technologically advanced dry cleaning business. Amidst blue hues and sleek machinery. Concept of high-tech fabric care\" _builder_version=\"4.27.2\" _module_preset=\"default\" custom_margin=\"0px||0px||false|false\" custom_padding=\"0px||0px||false|false\" hover_enabled=\"0\" global_colors_info=\"{}\" sticky_enabled=\"0\"][\/et_pb_image][\/et_pb_column][\/et_pb_row][\/et_pb_section]","_et_gb_content_width":"","footnotes":""},"class_list":["post-665","page","type-page","status-publish","hentry"],"_links":{"self":[{"href":"https:\/\/bs-reinigungen.ch\/fr\/wp-json\/wp\/v2\/pages\/665","targetHints":{"allow":["GET"]}}],"collection":[{"href":"https:\/\/bs-reinigungen.ch\/fr\/wp-json\/wp\/v2\/pages"}],"about":[{"href":"https:\/\/bs-reinigungen.ch\/fr\/wp-json\/wp\/v2\/types\/page"}],"author":[{"embeddable":true,"href":"https:\/\/bs-reinigungen.ch\/fr\/wp-json\/wp\/v2\/users\/1"}],"replies":[{"embeddable":true,"href":"https:\/\/bs-reinigungen.ch\/fr\/wp-json\/wp\/v2\/comments?post=665"}],"version-history":[{"count":11,"href":"https:\/\/bs-reinigungen.ch\/fr\/wp-json\/wp\/v2\/pages\/665\/revisions"}],"predecessor-version":[{"id":676,"href":"https:\/\/bs-reinigungen.ch\/fr\/wp-json\/wp\/v2\/pages\/665\/revisions\/676"}],"up":[{"embeddable":true,"href":"https:\/\/bs-reinigungen.ch\/fr\/wp-json\/wp\/v2\/pages\/454"}],"wp:attachment":[{"href":"https:\/\/bs-reinigungen.ch\/fr\/wp-json\/wp\/v2\/media?parent=665"}],"curies":[{"name":"wp","href":"https:\/\/api.w.org\/{rel}","templated":true}]}}