{"id":634,"date":"2024-09-26T10:54:02","date_gmt":"2024-09-26T08:54:02","guid":{"rendered":"https:\/\/bs-reinigungen.ch\/?page_id=634"},"modified":"2024-10-11T16:35:39","modified_gmt":"2024-10-11T14:35:39","slug":"elimination-des-dechets-et-debarras","status":"publish","type":"page","link":"https:\/\/bs-reinigungen.ch\/fr\/portefeuille-de-services\/elimination-des-dechets-et-debarras\/","title":{"rendered":"\u00c9limination des d\u00e9chets et d\u00e9barras"},"content":{"rendered":"<p>[et_pb_section fb_built=\u00a0\u00bb1&Prime; custom_padding_last_edited=\u00a0\u00bbon|desktop\u00a0\u00bb admin_label=\u00a0\u00bbsection\u00a0\u00bb module_class=\u00a0\u00bbsection_dienst\u00a0\u00bb _builder_version=\u00a0\u00bb4.27.0&Prime; custom_margin=\u00a0\u00bb0px||0px||false|false\u00a0\u00bb custom_padding=\u00a0\u00bb95px|40px|100px|40px|false|true\u00a0\u00bb custom_padding_tablet=\u00a0\u00bb75px|20px|80px|20px|false|true\u00a0\u00bb custom_padding_phone=\u00a0\u00bb75px|20px||20px|false|true\u00a0\u00bb global_colors_info=\u00a0\u00bb{}\u00a0\u00bb][et_pb_row _builder_version=\u00a0\u00bb4.27.0&Prime; _module_preset=\u00a0\u00bbdefault\u00a0\u00bb custom_margin=\u00a0\u00bb0px||40px||false|false\u00a0\u00bb custom_margin_tablet=\u00a0\u00bb||20px||false|false\u00a0\u00bb custom_margin_phone=\u00a0\u00bb||0px||false|false\u00a0\u00bb custom_margin_last_edited=\u00a0\u00bbon|desktop\u00a0\u00bb custom_padding=\u00a0\u00bb0px||0px||false|false\u00a0\u00bb global_colors_info=\u00a0\u00bb{}\u00a0\u00bb][et_pb_column type=\u00a0\u00bb4_4&Prime; _builder_version=\u00a0\u00bb4.27.0&Prime; _module_preset=\u00a0\u00bbdefault\u00a0\u00bb global_colors_info=\u00a0\u00bb{}\u00a0\u00bb][et_pb_post_title meta=\u00a0\u00bboff\u00a0\u00bb featured_image=\u00a0\u00bboff\u00a0\u00bb _builder_version=\u00a0\u00bb4.27.0&Prime; _module_preset=\u00a0\u00bbdefault\u00a0\u00bb title_font_size=\u00a0\u00bb70px\u00a0\u00bb custom_margin=\u00a0\u00bb0px||20px||false|false\u00a0\u00bb custom_padding=\u00a0\u00bb0px||0px||false|false\u00a0\u00bb title_font_size_tablet=\u00a0\u00bb53px\u00a0\u00bb title_font_size_phone=\u00a0\u00bb36px\u00a0\u00bb title_font_size_last_edited=\u00a0\u00bbon|desktop\u00a0\u00bb global_colors_info=\u00a0\u00bb{}\u00a0\u00bb][\/et_pb_post_title][\/et_pb_column][\/et_pb_row][et_pb_row column_structure=\u00a0\u00bb1_2,1_2&Prime; admin_label=\u00a0\u00bbrow\u00a0\u00bb _builder_version=\u00a0\u00bb4.27.0&Prime; background_size=\u00a0\u00bbinitial\u00a0\u00bb background_position=\u00a0\u00bbtop_left\u00a0\u00bb background_repeat=\u00a0\u00bbrepeat\u00a0\u00bb custom_margin=\u00a0\u00bb0px||0px||false|false\u00a0\u00bb custom_padding=\u00a0\u00bb0px||0px||false|false\u00a0\u00bb global_colors_info=\u00a0\u00bb{}\u00a0\u00bb][et_pb_column type=\u00a0\u00bb1_2&Prime; _builder_version=\u00a0\u00bb4.16&Prime; custom_padding=\u00a0\u00bb|||\u00a0\u00bb global_colors_info=\u00a0\u00bb{}\u00a0\u00bb custom_padding__hover=\u00a0\u00bb|||\u00a0\u00bb][et_pb_text _builder_version=\u00a0\u00bb4.27.2&Prime; _module_preset=\u00a0\u00bbdefault\u00a0\u00bb header_3_font_size=\u00a0\u00bb21px\u00a0\u00bb custom_margin=\u00a0\u00bb0px||20px||false|false\u00a0\u00bb custom_margin_tablet=\u00a0\u00bb||15px||false|false\u00a0\u00bb custom_margin_phone=\u00a0\u00bb||10px||false|false\u00a0\u00bb custom_margin_last_edited=\u00a0\u00bbon|desktop\u00a0\u00bb custom_padding=\u00a0\u00bb0px||0px||false|false\u00a0\u00bb hover_enabled=\u00a0\u00bb0&Prime; text_font_size_tablet=\u00a0\u00bb16px\u00a0\u00bb text_font_size_phone=\u00a0\u00bb16px\u00a0\u00bb text_font_size_last_edited=\u00a0\u00bbon|desktop\u00a0\u00bb header_3_font_size_tablet=\u00a0\u00bb20px\u00a0\u00bb header_3_font_size_phone=\u00a0\u00bb19px\u00a0\u00bb header_3_font_size_last_edited=\u00a0\u00bbon|phone\u00a0\u00bb global_colors_info=\u00a0\u00bb{}\u00a0\u00bb sticky_enabled=\u00a0\u00bb0&Prime;]<\/p>\n<p><a href=\"\/fr\/portefeuille-de-services\/\">&lt; Retour<\/a><\/p>\n<p>[\/et_pb_text][et_pb_text _builder_version=\u00a0\u00bb4.27.2&Prime; _module_preset=\u00a0\u00bbdefault\u00a0\u00bb header_3_font_size=\u00a0\u00bb21px\u00a0\u00bb custom_margin=\u00a0\u00bb0px||15px||false|false\u00a0\u00bb custom_padding=\u00a0\u00bb0px||0px||false|false\u00a0\u00bb hover_enabled=\u00a0\u00bb0&Prime; text_font_size_tablet=\u00a0\u00bb16px\u00a0\u00bb text_font_size_phone=\u00a0\u00bb16px\u00a0\u00bb text_font_size_last_edited=\u00a0\u00bbon|desktop\u00a0\u00bb header_3_font_size_tablet=\u00a0\u00bb20px\u00a0\u00bb header_3_font_size_phone=\u00a0\u00bb19px\u00a0\u00bb header_3_font_size_last_edited=\u00a0\u00bbon|phone\u00a0\u00bb global_colors_info=\u00a0\u00bb{}\u00a0\u00bb sticky_enabled=\u00a0\u00bb0&Prime;]<\/p>\n<p>Nous nous chargeons des d\u00e9barras et de l&rsquo;\u00e9limination des d\u00e9chets de toutes sortes. Les mat\u00e9riaux \u00e0 \u00e9liminer sont remis aux centres d&rsquo;\u00e9limination cantonaux dans les r\u00e8gles de l&rsquo;art et de mani\u00e8re \u00e9cologique.<\/p>\n<p>[\/et_pb_text][et_pb_button button_url=\u00a0\u00bb@ET-DC@eyJkeW5hbWljIjp0cnVlLCJjb250ZW50IjoicG9zdF9saW5rX3VybF9wYWdlIiwic2V0dGluZ3MiOnsicG9zdF9pZCI6IjQ3In19@\u00a0\u00bb button_text=\u00a0\u00bbContactez-nous\u00a0\u00bb _builder_version=\u00a0\u00bb4.27.2&Prime; _dynamic_attributes=\u00a0\u00bbbutton_url\u00a0\u00bb _module_preset=\u00a0\u00bbdefault\u00a0\u00bb custom_margin=\u00a0\u00bb0px||0px||false|false\u00a0\u00bb custom_margin_tablet=\u00a0\u00bb||30px||false|false\u00a0\u00bb custom_margin_phone=\u00a0\u00bb||30px||false|false\u00a0\u00bb custom_margin_last_edited=\u00a0\u00bbon|desktop\u00a0\u00bb hover_enabled=\u00a0\u00bb0&Prime; global_colors_info=\u00a0\u00bb{}\u00a0\u00bb sticky_enabled=\u00a0\u00bb0&Prime;][\/et_pb_button][\/et_pb_column][et_pb_column type=\u00a0\u00bb1_2&Prime; _builder_version=\u00a0\u00bb4.16&Prime; custom_padding=\u00a0\u00bb|||\u00a0\u00bb global_colors_info=\u00a0\u00bb{}\u00a0\u00bb custom_padding__hover=\u00a0\u00bb|||\u00a0\u00bb][et_pb_image src=\u00a0\u00bbhttps:\/\/bs-reinigungen.ch\/wp-content\/uploads\/2024\/10\/AdobeStock_841180869.jpeg\u00a0\u00bb title_text=\u00a0\u00bbWorker using a tablet near garbage trucks, managing waste collec\u00a0\u00bb _builder_version=\u00a0\u00bb4.27.2&Prime; _module_preset=\u00a0\u00bbdefault\u00a0\u00bb custom_margin=\u00a0\u00bb0px||0px||false|false\u00a0\u00bb custom_padding=\u00a0\u00bb0px||0px||false|false\u00a0\u00bb global_colors_info=\u00a0\u00bb{}\u00a0\u00bb][\/et_pb_image][\/et_pb_column][\/et_pb_row][\/et_pb_section]<\/p>\n","protected":false},"excerpt":{"rendered":"<p>&lt; RetourNous nous chargeons des d\u00e9barras et de l&rsquo;\u00e9limination des d\u00e9chets de toutes sortes. Les mat\u00e9riaux \u00e0 \u00e9liminer sont remis aux centres d&rsquo;\u00e9limination cantonaux dans les r\u00e8gles de l&rsquo;art et de mani\u00e8re \u00e9cologique.<\/p>\n","protected":false},"author":1,"featured_media":0,"parent":454,"menu_order":0,"comment_status":"closed","ping_status":"closed","template":"","meta":{"_et_pb_use_builder":"on","_et_pb_old_content":"[et_pb_section fb_built=\"1\" custom_padding_last_edited=\"on|desktop\" admin_label=\"section\" module_class=\"section_dienst\" _builder_version=\"4.27.0\" custom_margin=\"0px||0px||false|false\" custom_padding=\"95px|40px|100px|40px|false|true\" custom_padding_tablet=\"75px|20px|80px|20px|false|true\" custom_padding_phone=\"75px|20px||20px|false|true\" global_colors_info=\"{}\"][et_pb_row _builder_version=\"4.27.0\" _module_preset=\"default\" custom_margin=\"0px||40px||false|false\" custom_margin_tablet=\"||20px||false|false\" custom_margin_phone=\"||0px||false|false\" custom_margin_last_edited=\"on|desktop\" custom_padding=\"0px||0px||false|false\" global_colors_info=\"{}\"][et_pb_column type=\"4_4\" _builder_version=\"4.27.0\" _module_preset=\"default\" global_colors_info=\"{}\"][et_pb_post_title meta=\"off\" featured_image=\"off\" _builder_version=\"4.27.0\" _module_preset=\"default\" title_font_size=\"70px\" custom_margin=\"0px||20px||false|false\" custom_padding=\"0px||0px||false|false\" title_font_size_tablet=\"53px\" title_font_size_phone=\"36px\" title_font_size_last_edited=\"on|desktop\" global_colors_info=\"{}\"][\/et_pb_post_title][\/et_pb_column][\/et_pb_row][et_pb_row column_structure=\"1_2,1_2\" admin_label=\"row\" _builder_version=\"4.27.0\" background_size=\"initial\" background_position=\"top_left\" background_repeat=\"repeat\" custom_margin=\"0px||0px||false|false\" custom_padding=\"0px||0px||false|false\" global_colors_info=\"{}\"][et_pb_column type=\"1_2\" _builder_version=\"4.16\" custom_padding=\"|||\" global_colors_info=\"{}\" custom_padding__hover=\"|||\"][et_pb_text _builder_version=\"4.27.0\" _module_preset=\"default\" header_3_font_size=\"21px\" custom_margin=\"0px||20px||false|false\" custom_margin_tablet=\"||15px||false|false\" custom_margin_phone=\"||10px||false|false\" custom_margin_last_edited=\"on|desktop\" custom_padding=\"0px||0px||false|false\" text_font_size_tablet=\"16px\" text_font_size_phone=\"16px\" text_font_size_last_edited=\"on|desktop\" header_3_font_size_tablet=\"20px\" header_3_font_size_phone=\"19px\" header_3_font_size_last_edited=\"on|phone\" global_colors_info=\"{}\"]\n\n<a href=\"\/dienstleistungsportfolio\/\">&lt;\u00a0 Zur\u00fcck<\/a>\n\n[\/et_pb_text][et_pb_text _builder_version=\"4.27.2\" _module_preset=\"default\" header_3_font_size=\"21px\" custom_margin=\"0px||15px||false|false\" custom_padding=\"0px||0px||false|false\" hover_enabled=\"0\" text_font_size_tablet=\"16px\" text_font_size_phone=\"16px\" text_font_size_last_edited=\"on|desktop\" header_3_font_size_tablet=\"20px\" header_3_font_size_phone=\"19px\" header_3_font_size_last_edited=\"on|phone\" global_colors_info=\"{}\" sticky_enabled=\"0\"]\n\nWir \u00fcbernehmen R\u00e4umungen und Entsorgungen aller Art. Zu entsorgende Materialien werden fachgerecht und \u00f6kologisch sinnvoll an kantonale Entsorgungsstellen \u00fcbergeben.\n\n[\/et_pb_text][et_pb_button button_url=\"@ET-DC@eyJkeW5hbWljIjp0cnVlLCJjb250ZW50IjoicG9zdF9saW5rX3VybF9wYWdlIiwic2V0dGluZ3MiOnsicG9zdF9pZCI6IjQ3In19@\" button_text=\"Kontaktieren Sie uns\" _builder_version=\"4.27.0\" _dynamic_attributes=\"button_url\" _module_preset=\"default\" custom_margin=\"0px||0px||false|false\" custom_margin_tablet=\"||30px||false|false\" custom_margin_phone=\"||30px||false|false\" custom_margin_last_edited=\"on|desktop\" global_colors_info=\"{}\"][\/et_pb_button][\/et_pb_column][et_pb_column type=\"1_2\" _builder_version=\"4.16\" custom_padding=\"|||\" global_colors_info=\"{}\" custom_padding__hover=\"|||\"][et_pb_image src=\"https:\/\/bs-reinigungen.ch\/wp-content\/uploads\/2024\/10\/AdobeStock_841180869.jpeg\" title_text=\"Worker using a tablet near garbage trucks, managing waste collec\" _builder_version=\"4.27.2\" _module_preset=\"default\" custom_margin=\"0px||0px||false|false\" custom_padding=\"0px||0px||false|false\" global_colors_info=\"{}\"][\/et_pb_image][\/et_pb_column][\/et_pb_row][\/et_pb_section]","_et_gb_content_width":"","footnotes":""},"class_list":["post-634","page","type-page","status-publish","hentry"],"_links":{"self":[{"href":"https:\/\/bs-reinigungen.ch\/fr\/wp-json\/wp\/v2\/pages\/634","targetHints":{"allow":["GET"]}}],"collection":[{"href":"https:\/\/bs-reinigungen.ch\/fr\/wp-json\/wp\/v2\/pages"}],"about":[{"href":"https:\/\/bs-reinigungen.ch\/fr\/wp-json\/wp\/v2\/types\/page"}],"author":[{"embeddable":true,"href":"https:\/\/bs-reinigungen.ch\/fr\/wp-json\/wp\/v2\/users\/1"}],"replies":[{"embeddable":true,"href":"https:\/\/bs-reinigungen.ch\/fr\/wp-json\/wp\/v2\/comments?post=634"}],"version-history":[{"count":9,"href":"https:\/\/bs-reinigungen.ch\/fr\/wp-json\/wp\/v2\/pages\/634\/revisions"}],"predecessor-version":[{"id":643,"href":"https:\/\/bs-reinigungen.ch\/fr\/wp-json\/wp\/v2\/pages\/634\/revisions\/643"}],"up":[{"embeddable":true,"href":"https:\/\/bs-reinigungen.ch\/fr\/wp-json\/wp\/v2\/pages\/454"}],"wp:attachment":[{"href":"https:\/\/bs-reinigungen.ch\/fr\/wp-json\/wp\/v2\/media?parent=634"}],"curies":[{"name":"wp","href":"https:\/\/api.w.org\/{rel}","templated":true}]}}