{"id":440,"date":"2024-08-08T14:11:02","date_gmt":"2024-08-08T12:11:02","guid":{"rendered":"https:\/\/bs-reinigungen.ch\/?page_id=440"},"modified":"2024-10-11T17:04:03","modified_gmt":"2024-10-11T15:04:03","slug":"contact","status":"publish","type":"page","link":"https:\/\/bs-reinigungen.ch\/fr\/contact\/","title":{"rendered":"Contact"},"content":{"rendered":"<p>[et_pb_section fb_built=\u00a0\u00bb1&Prime; custom_padding_last_edited=\u00a0\u00bbon|desktop\u00a0\u00bb admin_label=\u00a0\u00bbsection\u00a0\u00bb _builder_version=\u00a0\u00bb4.27.0&Prime; custom_margin=\u00a0\u00bb0px||0px||false|false\u00a0\u00bb custom_padding=\u00a0\u00bb95px|40px|95px|40px|false|true\u00a0\u00bb custom_padding_tablet=\u00a0\u00bb75px|20px|75px|20px|false|true\u00a0\u00bb custom_padding_phone=\u00a0\u00bb75px|20px|75px|20px|false|true\u00a0\u00bb global_colors_info=\u00a0\u00bb{}\u00a0\u00bb][et_pb_row _builder_version=\u00a0\u00bb4.27.0&Prime; _module_preset=\u00a0\u00bbdefault\u00a0\u00bb custom_margin=\u00a0\u00bb0px|auto|140px|auto|false|false\u00a0\u00bb custom_margin_tablet=\u00a0\u00bb||120px||false|false\u00a0\u00bb custom_margin_phone=\u00a0\u00bb||100px||false|false\u00a0\u00bb custom_margin_last_edited=\u00a0\u00bbon|desktop\u00a0\u00bb custom_padding=\u00a0\u00bb0px||0px||false|false\u00a0\u00bb global_colors_info=\u00a0\u00bb{}\u00a0\u00bb][et_pb_column type=\u00a0\u00bb4_4&Prime; _builder_version=\u00a0\u00bb4.27.0&Prime; _module_preset=\u00a0\u00bbdefault\u00a0\u00bb global_colors_info=\u00a0\u00bb{}\u00a0\u00bb][et_pb_text _builder_version=\u00a0\u00bb4.27.2&Prime; _module_preset=\u00a0\u00bbdefault\u00a0\u00bb header_font_size=\u00a0\u00bb70px\u00a0\u00bb custom_margin=\u00a0\u00bb0px||20px||false|false\u00a0\u00bb custom_padding=\u00a0\u00bb0px||0px||false|false\u00a0\u00bb hover_enabled=\u00a0\u00bb0&Prime; header_font_size_tablet=\u00a0\u00bb53px\u00a0\u00bb header_font_size_phone=\u00a0\u00bb36px\u00a0\u00bb header_font_size_last_edited=\u00a0\u00bbon|desktop\u00a0\u00bb global_colors_info=\u00a0\u00bb{}\u00a0\u00bb sticky_enabled=\u00a0\u00bb0&Prime;]<\/p>\n<h1>Nous nous r\u00e9jouissons de votre prise de contact !<\/h1>\n<p>[\/et_pb_text][wpforms_selector form_id=\u00a0\u00bb121&Prime; _builder_version=\u00a0\u00bb4.27.0&Prime; _module_preset=\u00a0\u00bbdefault\u00a0\u00bb custom_margin=\u00a0\u00bb0px||0px||false|false\u00a0\u00bb custom_padding=\u00a0\u00bb0px||0px||false|false\u00a0\u00bb global_colors_info=\u00a0\u00bb{}\u00a0\u00bb][\/wpforms_selector][\/et_pb_column][\/et_pb_row][et_pb_row column_structure=\u00a0\u00bb1_3,1_3,1_3&Prime; admin_label=\u00a0\u00bbrow\u00a0\u00bb _builder_version=\u00a0\u00bb4.27.0&Prime; background_size=\u00a0\u00bbinitial\u00a0\u00bb background_position=\u00a0\u00bbtop_left\u00a0\u00bb background_repeat=\u00a0\u00bbrepeat\u00a0\u00bb custom_margin=\u00a0\u00bb0px||0px||false|false\u00a0\u00bb custom_padding=\u00a0\u00bb0px||0px||false|false\u00a0\u00bb global_colors_info=\u00a0\u00bb{}\u00a0\u00bb][et_pb_column type=\u00a0\u00bb1_3&Prime; _builder_version=\u00a0\u00bb4.16&Prime; custom_padding=\u00a0\u00bb|||\u00a0\u00bb global_colors_info=\u00a0\u00bb{}\u00a0\u00bb custom_padding__hover=\u00a0\u00bb|||\u00a0\u00bb][et_pb_text _builder_version=\u00a0\u00bb4.27.2&Prime; _module_preset=\u00a0\u00bbdefault\u00a0\u00bb header_3_font_size=\u00a0\u00bb21px\u00a0\u00bb custom_margin=\u00a0\u00bb0px||35px||false|false\u00a0\u00bb custom_padding=\u00a0\u00bb0px||0px||false|false\u00a0\u00bb hover_enabled=\u00a0\u00bb0&Prime; header_3_font_size_tablet=\u00a0\u00bb20px\u00a0\u00bb header_3_font_size_phone=\u00a0\u00bb19px\u00a0\u00bb header_3_font_size_last_edited=\u00a0\u00bbon|phone\u00a0\u00bb global_colors_info=\u00a0\u00bb{}\u00a0\u00bb sticky_enabled=\u00a0\u00bb0&Prime;]<\/p>\n<h3>BS-Nettoyages SA Berne<\/h3>\n<p>Untermattweg 20A<br \/>3027 Berne<\/p>\n<p><a href=\"tel:+41319915650\">031 991 56 50<\/a><br \/><a href=\"mailto:info@bs-reinigungen.ch\">info@bs-reinigungen.ch<\/a><\/p>\n<p>[\/et_pb_text][et_pb_code _builder_version=\u00a0\u00bb4.27.0&Prime; _module_preset=\u00a0\u00bbdefault\u00a0\u00bb custom_margin=\u00a0\u00bb0px||0px||false|false\u00a0\u00bb custom_margin_tablet=\u00a0\u00bb||30px||false|false\u00a0\u00bb custom_margin_phone=\u00a0\u00bb||30px||false|false\u00a0\u00bb custom_margin_last_edited=\u00a0\u00bbon|desktop\u00a0\u00bb custom_padding=\u00a0\u00bb0px||0px||false|false\u00a0\u00bb global_colors_info=\u00a0\u00bb{}\u00a0\u00bb]<iframe src=\"https:\/\/www.google.com\/maps\/embed?pb=!1m18!1m12!1m3!1d2723.6951897968447!2d7.397747177000404!3d46.94802957113694!2m3!1f0!2f0!3f0!3m2!1i1024!2i768!4f13.1!3m3!1m2!1s0x478e391725815233%3A0x51e95becbe1a8429!2sBS-Reinigungen%20AG!5e0!3m2!1sfr!2sch!4v1727094562519!5m2!1sfr!2sch\" width=\"600\" height=\"300\" style=\"border:0;\" allowfullscreen=\"\" loading=\"lazy\" referrerpolicy=\"no-referrer-when-downgrade\"><\/iframe>[\/et_pb_code][\/et_pb_column][et_pb_column type=\u00a0\u00bb1_3&Prime; _builder_version=\u00a0\u00bb4.16&Prime; custom_padding=\u00a0\u00bb|||\u00a0\u00bb global_colors_info=\u00a0\u00bb{}\u00a0\u00bb custom_padding__hover=\u00a0\u00bb|||\u00a0\u00bb][et_pb_text _builder_version=\u00a0\u00bb4.27.2&Prime; _module_preset=\u00a0\u00bbdefault\u00a0\u00bb header_3_font_size=\u00a0\u00bb21px\u00a0\u00bb custom_margin=\u00a0\u00bb0px||35px||false|false\u00a0\u00bb custom_padding=\u00a0\u00bb0px||0px||false|false\u00a0\u00bb hover_enabled=\u00a0\u00bb0&Prime; header_3_font_size_tablet=\u00a0\u00bb20px\u00a0\u00bb header_3_font_size_phone=\u00a0\u00bb19px\u00a0\u00bb header_3_font_size_last_edited=\u00a0\u00bbon|phone\u00a0\u00bb global_colors_info=\u00a0\u00bb{}\u00a0\u00bb sticky_enabled=\u00a0\u00bb0&Prime;]<\/p>\n<h3>BS-Nettoyages SA Thoune<\/h3>\n<p>Bernstrasse 15<br \/>3600 Thoune<\/p>\n<p><a href=\"tel:+41319915650\">031 991 56 50<\/a><br \/><a href=\"mailto:info@bs-reinigungen.ch\">info@bs-reinigungen.ch<\/a><\/p>\n<p>[\/et_pb_text][et_pb_code _builder_version=\u00a0\u00bb4.27.0&Prime; _module_preset=\u00a0\u00bbdefault\u00a0\u00bb custom_margin=\u00a0\u00bb0px||0px||false|false\u00a0\u00bb custom_margin_tablet=\u00a0\u00bb||30px||false|false\u00a0\u00bb custom_margin_phone=\u00a0\u00bb||30px||false|false\u00a0\u00bb custom_margin_last_edited=\u00a0\u00bbon|desktop\u00a0\u00bb custom_padding=\u00a0\u00bb0px||0px||false|false\u00a0\u00bb global_colors_info=\u00a0\u00bb{}\u00a0\u00bb]<iframe src=\"https:\/\/www.google.com\/maps\/embed?pb=!1m18!1m12!1m3!1d2733.054851331213!2d7.624766076992383!3d46.763815271125004!2m3!1f0!2f0!3f0!3m2!1i1024!2i768!4f13.1!3m3!1m2!1s0x478fb3f36bf1410d%3A0x4d6e157e342fe24d!2sBS-Reinigungen%20AG%20-%20Thun!5e0!3m2!1sfr!2sch!4v1727094685041!5m2!1sfr!2sch\" width=\"600\" height=\"300\" style=\"border:0;\" allowfullscreen=\"\" loading=\"lazy\" referrerpolicy=\"no-referrer-when-downgrade\"><\/iframe>[\/et_pb_code][\/et_pb_column][et_pb_column type=\u00a0\u00bb1_3&Prime; _builder_version=\u00a0\u00bb4.16&Prime; custom_padding=\u00a0\u00bb|||\u00a0\u00bb global_colors_info=\u00a0\u00bb{}\u00a0\u00bb custom_padding__hover=\u00a0\u00bb|||\u00a0\u00bb][et_pb_text _builder_version=\u00a0\u00bb4.27.2&Prime; _module_preset=\u00a0\u00bbdefault\u00a0\u00bb header_3_font_size=\u00a0\u00bb21px\u00a0\u00bb custom_margin=\u00a0\u00bb0px||35px||false|false\u00a0\u00bb custom_padding=\u00a0\u00bb0px||0px||false|false\u00a0\u00bb hover_enabled=\u00a0\u00bb0&Prime; header_3_font_size_tablet=\u00a0\u00bb20px\u00a0\u00bb header_3_font_size_phone=\u00a0\u00bb19px\u00a0\u00bb header_3_font_size_last_edited=\u00a0\u00bbon|phone\u00a0\u00bb global_colors_info=\u00a0\u00bb{}\u00a0\u00bb sticky_enabled=\u00a0\u00bb0&Prime;]<\/p>\n<h3>BS-Nettoyages SA Fribourg<\/h3>\n<p>Rue de Romont 2<br \/>1700 Fribourg<\/p>\n<p><a href=\"tel:+41264979225\">026 497 92 25<\/a><br \/><a href=\"mailto:info@bs-reinigungen.ch\">info@bs-reinigungen.ch<\/a><\/p>\n<p>[\/et_pb_text][et_pb_code _builder_version=\u00a0\u00bb4.27.0&Prime; _module_preset=\u00a0\u00bbdefault\u00a0\u00bb custom_margin=\u00a0\u00bb0px||0px||false|false\u00a0\u00bb custom_padding=\u00a0\u00bb0px||0px||false|false\u00a0\u00bb global_colors_info=\u00a0\u00bb{}\u00a0\u00bb]<iframe src=\"https:\/\/www.google.com\/maps\/embed?pb=!1m18!1m12!1m3!1d2730.977542920993!2d7.152704976994113!3d46.80474827112755!2m3!1f0!2f0!3f0!3m2!1i1024!2i768!4f13.1!3m3!1m2!1s0x478e402def90cdd5%3A0xf8e9a3d180c2c968!2sBS-Reinigungen%20AG!5e0!3m2!1sfr!2sch!4v1727094760462!5m2!1sfr!2sch\" width=\"600\" height=\"300\" style=\"border:0;\" allowfullscreen=\"\" loading=\"lazy\" referrerpolicy=\"no-referrer-when-downgrade\"><\/iframe>[\/et_pb_code][\/et_pb_column][\/et_pb_row][\/et_pb_section]<\/p>\n","protected":false},"excerpt":{"rendered":"<p>Nous nous r\u00e9jouissons de votre prise de contact !<div class=\"et_pb_module wpforms_selector wpforms_selector_0\">\n\t\t\t\t\n\t\t\t\t\n\t\t\t\t\n\t\t\t\t\n\t\t\t\t\n\t\t\t\t\n\t\t\t\t<div class=\"et_pb_module_inner\">\n\t\t\t\t\t<style id=\"wpforms-css-vars-121\">\n\t\t\t\t#wpforms-121 {\n\t\t\t\t\n\t\t\t}\n\t\t\t<\/style><div class=\"wpforms-container wpforms-container-full wpforms-render-modern\" id=\"wpforms-121\"><form id=\"wpforms-form-121\" class=\"wpforms-validate wpforms-form wpforms-ajax-form\" data-formid=\"121\" method=\"post\" enctype=\"multipart\/form-data\" action=\"\/fr\/wp-json\/wp\/v2\/pages\/440\" data-token=\"6468ecc259990ee569305d367ae4d102\" data-token-time=\"1776430359\"><noscript class=\"wpforms-error-noscript\">Veuillez activer JavaScript dans votre navigateur pour remplir ce formulaire.<\/noscript><div id=\"wpforms-error-noscript\" style=\"display: none;\">Veuillez activer JavaScript dans votre navigateur pour remplir ce formulaire.<\/div><div class=\"wpforms-field-container\">\t\t<div id=\"wpforms-121-field_14-container\"\n\t\t\tclass=\"wpforms-field wpforms-field-text\"\n\t\t\tdata-field-type=\"text\"\n\t\t\tdata-field-id=\"14\"\n\t\t\t>\n\t\t\t<label class=\"wpforms-field-label\" for=\"wpforms-121-field_14\" >en (cave, d&#039;ex\u00e9cution<\/label>\n\t\t\t<input type=\"text\" id=\"wpforms-121-field_14\" class=\"wpforms-field-medium\" name=\"wpforms[fields][14]\" >\n\t\t<\/div>\n\t\t<div id=\"wpforms-121-field_1-container\" class=\"wpforms-field wpforms-field-layout\" data-field-id=\"1\"><div class=\"wpforms-field-layout-columns wpforms-field-layout-preset-33-33-33\"><div class=\"wpforms-layout-column wpforms-layout-column-33\" ><div id=\"wpforms-121-field_2-container\" class=\"wpforms-field wpforms-field-text\" data-field-id=\"2\"><label class=\"wpforms-field-label\" for=\"wpforms-121-field_2\">Soci\u00e9t\u00e9<\/label><input type=\"text\" id=\"wpforms-121-field_2\" class=\"wpforms-field-large\" name=\"wpforms[fields][2]\" aria-errormessage=\"wpforms-121-field_2-error\" ><\/div><div id=\"wpforms-121-field_3-container\" class=\"wpforms-field wpforms-field-text\" data-field-id=\"3\"><label class=\"wpforms-field-label\" for=\"wpforms-121-field_3\">Nom et pr\u00e9nom <span class=\"wpforms-required-label\" aria-hidden=\"true\">*<\/span><\/label><input type=\"text\" id=\"wpforms-121-field_3\" class=\"wpforms-field-large wpforms-field-required\" name=\"wpforms[fields][3]\" aria-errormessage=\"wpforms-121-field_3-error\" required><\/div><div id=\"wpforms-121-field_4-container\" class=\"wpforms-field wpforms-field-email\" data-field-id=\"4\"><label class=\"wpforms-field-label\" for=\"wpforms-121-field_4\">Adresse mail <span class=\"wpforms-required-label\" aria-hidden=\"true\">*<\/span><\/label><input type=\"email\" id=\"wpforms-121-field_4\" class=\"wpforms-field-large wpforms-field-required\" name=\"wpforms[fields][4]\" spellcheck=\"false\" aria-errormessage=\"wpforms-121-field_4-error\" required><\/div><div id=\"wpforms-121-field_5-container\" class=\"wpforms-field wpforms-field-phone\" data-field-id=\"5\"><label class=\"wpforms-field-label\" for=\"wpforms-121-field_5\">T\u00e9l\u00e9phone <span class=\"wpforms-required-label\" aria-hidden=\"true\">*<\/span><\/label><input type=\"tel\" id=\"wpforms-121-field_5\" class=\"wpforms-field-large wpforms-field-required\" data-rule-int-phone-field=\"true\" name=\"wpforms[fields][5]\" aria-label=\"T\u00e9l\u00e9phone\" aria-errormessage=\"wpforms-121-field_5-error\" required><\/div><\/div><div class=\"wpforms-layout-column wpforms-layout-column-33\" ><div id=\"wpforms-121-field_10-container\" class=\"wpforms-field wpforms-field-select wpforms-conditional-trigger wpforms-field-select-style-classic\" data-field-id=\"10\"><label class=\"wpforms-field-label\" for=\"wpforms-121-field_10\">Services <span class=\"wpforms-required-label\" aria-hidden=\"true\">*<\/span><\/label><select id=\"wpforms-121-field_10\" class=\"wpforms-field-large wpforms-field-required\" name=\"wpforms[fields][10]\" required=\"required\"><option value=\"\" class=\"placeholder\" disabled  selected='selected'>S\u00e9lectionnez...<\/option><option value=\"Nettoyage d&#039;entretien\"  class=\"choice-1 depth-1\"  >Nettoyage d'entretien<\/option><option value=\"Nettoyage de vitres\"  class=\"choice-16 depth-1\"  >Nettoyage de vitres<\/option><option value=\"Nettoyage de b\u00e2timents\"  class=\"choice-33 depth-1\"  >Nettoyage de b\u00e2timents<\/option><option value=\"Nettoyage et entretien des fa\u00e7ades\"  class=\"choice-32 depth-1\"  >Nettoyage et entretien des fa\u00e7ades<\/option><option value=\"Nettoyage de d\u00e9m\u00e9nagement\"  class=\"choice-31 depth-1\"  >Nettoyage de d\u00e9m\u00e9nagement<\/option><option value=\"Nettoyage et impr\u00e9gnation des rev\u00eatements de sol\"  class=\"choice-30 depth-1\"  >Nettoyage et impr\u00e9gnation des rev\u00eatements de sol<\/option><option value=\"Nettoyage de tapis et de textiles\"  class=\"choice-29 depth-1\"  >Nettoyage de tapis et de textiles<\/option><option value=\"Nettoyage et scellement des sols en pierre naturelle\"  class=\"choice-28 depth-1\"  >Nettoyage et scellement des sols en pierre naturelle<\/option><option value=\"Nettoyage du plafond\"  class=\"choice-27 depth-1\"  >Nettoyage du plafond<\/option><option value=\"Nettoyage apr\u00e8s un d\u00e9g\u00e2t des eaux\"  class=\"choice-26 depth-1\"  >Nettoyage apr\u00e8s un d\u00e9g\u00e2t des eaux<\/option><option value=\"Nettoyages sp\u00e9ciaux\"  class=\"choice-25 depth-1\"  >Nettoyages sp\u00e9ciaux<\/option><option value=\"\u00c9limination des d\u00e9chets et d\u00e9barras\"  class=\"choice-24 depth-1\"  >\u00c9limination des d\u00e9chets et d\u00e9barras<\/option><option value=\"Livraison de mat\u00e9riel de consommation\"  class=\"choice-23 depth-1\"  >Livraison de mat\u00e9riel de consommation<\/option><option value=\"Nettoyage de b\u00e2timents et de textiles par un seul prestataire\"  class=\"choice-22 depth-1\"  >Nettoyage de b\u00e2timents et de textiles par un seul prestataire<\/option><\/select><\/div><div id=\"wpforms-121-field_7-container\" class=\"wpforms-field wpforms-field-text wpforms-conditional-field wpforms-conditional-show\" data-field-id=\"7\" style=\"display:none;\"><label class=\"wpforms-field-label\" for=\"wpforms-121-field_7\">Taille de l&#039;objet en m2 <span class=\"wpforms-required-label\" aria-hidden=\"true\">*<\/span><\/label><input type=\"text\" id=\"wpforms-121-field_7\" class=\"wpforms-field-large wpforms-field-required\" name=\"wpforms[fields][7]\" aria-errormessage=\"wpforms-121-field_7-error\" required><\/div><div id=\"wpforms-121-field_11-container\" class=\"wpforms-field wpforms-field-select wpforms-conditional-field wpforms-conditional-show wpforms-field-select-style-classic\" data-field-id=\"11\" style=\"display:none;\"><label class=\"wpforms-field-label\" for=\"wpforms-121-field_11\">Nombre de pi\u00e8ces <span class=\"wpforms-required-label\" aria-hidden=\"true\">*<\/span><\/label><select id=\"wpforms-121-field_11\" class=\"wpforms-field-large wpforms-field-required\" name=\"wpforms[fields][11]\" required=\"required\"><option value=\"2.5\"  class=\"choice-1 depth-1\"  >2.5<\/option><option value=\"3.5\"  class=\"choice-2 depth-1\"  >3.5<\/option><option value=\"4.5\"  class=\"choice-3 depth-1\"  >4.5<\/option><option value=\"5.5\"  class=\"choice-5 depth-1\"  >5.5<\/option><option value=\"EFH\"  class=\"choice-4 depth-1\"  >EFH<\/option><\/select><\/div><div id=\"wpforms-121-field_8-container\" class=\"wpforms-field wpforms-field-text wpforms-conditional-field wpforms-conditional-show\" data-field-id=\"8\" style=\"display:none;\"><label class=\"wpforms-field-label\" for=\"wpforms-121-field_8\">Pi\u00e8ces annexes (cave, grenier, garage, jardin d&#039;hiver, etc.) <span class=\"wpforms-required-label\" aria-hidden=\"true\">*<\/span><\/label><input type=\"text\" id=\"wpforms-121-field_8\" class=\"wpforms-field-large wpforms-field-required\" name=\"wpforms[fields][8]\" aria-errormessage=\"wpforms-121-field_8-error\" required><\/div><div id=\"wpforms-121-field_9-container\" class=\"wpforms-field wpforms-field-text wpforms-conditional-field wpforms-conditional-show\" data-field-id=\"9\" style=\"display:none;\"><label class=\"wpforms-field-label\" for=\"wpforms-121-field_9\">Machine \u00e0 laver et s\u00e8che-linge <span class=\"wpforms-required-label\" aria-hidden=\"true\">*<\/span><\/label><input type=\"text\" id=\"wpforms-121-field_9\" class=\"wpforms-field-large wpforms-field-required\" name=\"wpforms[fields][9]\" aria-errormessage=\"wpforms-121-field_9-error\" required><\/div><div id=\"wpforms-121-field_12-container\" class=\"wpforms-field wpforms-field-text wpforms-conditional-field wpforms-conditional-show\" data-field-id=\"12\" style=\"display:none;\"><label class=\"wpforms-field-label\" for=\"wpforms-121-field_12\">Adresse de l&#039;objet <span class=\"wpforms-required-label\" aria-hidden=\"true\">*<\/span><\/label><input type=\"text\" id=\"wpforms-121-field_12\" class=\"wpforms-field-large wpforms-field-required\" name=\"wpforms[fields][12]\" aria-errormessage=\"wpforms-121-field_12-error\" required><\/div><div id=\"wpforms-121-field_13-container\" class=\"wpforms-field wpforms-field-text wpforms-conditional-field wpforms-conditional-show\" data-field-id=\"13\" style=\"display:none;\"><label class=\"wpforms-field-label\" for=\"wpforms-121-field_13\">Date d&#039;ex\u00e9cution souhait\u00e9e <span class=\"wpforms-required-label\" aria-hidden=\"true\">*<\/span><\/label><input type=\"text\" id=\"wpforms-121-field_13\" class=\"wpforms-field-large wpforms-field-required\" name=\"wpforms[fields][13]\" aria-errormessage=\"wpforms-121-field_13-error\" required><\/div><\/div><div class=\"wpforms-layout-column wpforms-layout-column-33\" ><div id=\"wpforms-121-field_6-container\" class=\"wpforms-field wpforms-field-textarea\" data-field-id=\"6\"><label class=\"wpforms-field-label\" for=\"wpforms-121-field_6\">Message<\/label><textarea id=\"wpforms-121-field_6\" class=\"wpforms-field-large\" name=\"wpforms[fields][6]\" aria-errormessage=\"wpforms-121-field_6-error\" ><\/textarea><\/div><\/div><\/div><\/div><script>\n\t\t\t\t( function() {\n\t\t\t\t\tconst style = document.createElement( 'style' );\n\t\t\t\t\tstyle.appendChild( document.createTextNode( '#wpforms-121-field_14-container { position: absolute !important; overflow: hidden !important; display: inline !important; height: 1px !important; width: 1px !important; z-index: -1000 !important; padding: 0 !important; } #wpforms-121-field_14-container input { visibility: hidden; } #wpforms-conversational-form-page #wpforms-121-field_14-container label { counter-increment: none; }' ) );\n\t\t\t\t\tdocument.head.appendChild( style );\n\t\t\t\t\tdocument.currentScript?.remove();\n\t\t\t\t} )();\n\t\t\t<\/script><\/div><!-- .wpforms-field-container --><div class=\"wpforms-submit-container\" ><input type=\"hidden\" name=\"wpforms[id]\" value=\"121\"><input type=\"hidden\" name=\"page_title\" value=\"\"><input type=\"hidden\" name=\"page_url\" value=\"https:\/\/bs-reinigungen.ch\/fr\/wp-json\/wp\/v2\/pages\/440\"><input type=\"hidden\" name=\"url_referer\" value=\"\"><button type=\"submit\" name=\"wpforms[submit]\" id=\"wpforms-submit-121\" class=\"wpforms-submit\" data-alt-text=\"Envoyer...\" data-submit-text=\"Envoyer\" aria-live=\"assertive\" value=\"wpforms-submit\">Envoyer<\/button><img loading=\"lazy\" decoding=\"async\" src=\"https:\/\/bs-reinigungen.ch\/wp-content\/plugins\/wpforms\/assets\/images\/submit-spin.svg\" class=\"wpforms-submit-spinner\" style=\"display: none;\" width=\"26\" height=\"26\" alt=\"Chargement en cours\"><\/div><\/form><\/div>  <!-- .wpforms-container -->\n\t\t\t\t<\/div>\n\t\t\t<\/div>BS-Nettoyages SA Berne Untermattweg 20A3027 Berne 031 991 56 50info@bs-reinigungen.chBS-Nettoyages SA Thoune Bernstrasse 153600 Thoune 031 991 56 50info@bs-reinigungen.chBS-Nettoyages SA Fribourg Rue de Romont 21700 Fribourg 026 497 92 25info@bs-reinigungen.ch<\/p>\n","protected":false},"author":1,"featured_media":0,"parent":0,"menu_order":0,"comment_status":"closed","ping_status":"closed","template":"","meta":{"_et_pb_use_builder":"on","_et_pb_old_content":"[et_pb_section fb_built=\"1\" custom_padding_last_edited=\"on|desktop\" admin_label=\"section\" _builder_version=\"4.27.0\" custom_margin=\"0px||0px||false|false\" custom_padding=\"95px|40px|95px|40px|false|true\" custom_padding_tablet=\"75px|20px|75px|20px|false|true\" custom_padding_phone=\"75px|20px|75px|20px|false|true\" global_colors_info=\"{}\"][et_pb_row _builder_version=\"4.27.0\" _module_preset=\"default\" custom_margin=\"0px|auto|140px|auto|false|false\" custom_padding=\"0px||0px||false|false\" hover_enabled=\"0\" global_colors_info=\"{}\" custom_margin_last_edited=\"on|desktop\" sticky_enabled=\"0\" custom_margin_tablet=\"||120px||false|false\" custom_margin_phone=\"||100px||false|false\"][et_pb_column type=\"4_4\" _builder_version=\"4.27.0\" _module_preset=\"default\" global_colors_info=\"{}\"][et_pb_text _builder_version=\"4.27.0\" _module_preset=\"default\" header_font_size=\"70px\" custom_margin=\"0px||20px||false|false\" custom_padding=\"0px||0px||false|false\" header_font_size_tablet=\"53px\" header_font_size_phone=\"36px\" header_font_size_last_edited=\"on|desktop\" global_colors_info=\"{}\"]\n<h1>Wir freuen uns auf Ihre Kontaktnahme...<\/h1>\n[\/et_pb_text][wpforms_selector form_id=\"121\" _builder_version=\"4.27.0\" _module_preset=\"default\" custom_margin=\"0px||0px||false|false\" custom_padding=\"0px||0px||false|false\" global_colors_info=\"{}\"][\/wpforms_selector][\/et_pb_column][\/et_pb_row][et_pb_row column_structure=\"1_3,1_3,1_3\" admin_label=\"row\" _builder_version=\"4.27.0\" background_size=\"initial\" background_position=\"top_left\" background_repeat=\"repeat\" custom_margin=\"0px||0px||false|false\" custom_padding=\"0px||0px||false|false\" global_colors_info=\"{}\"][et_pb_column type=\"1_3\" _builder_version=\"4.16\" custom_padding=\"|||\" global_colors_info=\"{}\" custom_padding__hover=\"|||\"][et_pb_text _builder_version=\"4.27.0\" _module_preset=\"default\" header_3_font_size=\"21px\" custom_margin=\"0px||35px||false|false\" custom_padding=\"0px||0px||false|false\" header_3_font_size_tablet=\"20px\" header_3_font_size_phone=\"19px\" header_3_font_size_last_edited=\"on|phone\" global_colors_info=\"{}\"]\n<h3>BS-Reinigungen AG Bern<\/h3>\nUntermattweg 20A\n3027 Bern\n\n<a href=\"tel:+41319915650\">031 991 56 50<\/a>\n<a href=\"mailto:info@bs-reinigungen.ch\">info@bs-reinigungen.ch<\/a>\n\n[\/et_pb_text][et_pb_code _builder_version=\"4.27.0\" _module_preset=\"default\" custom_margin=\"0px||0px||false|false\" custom_margin_tablet=\"||30px||false|false\" custom_margin_phone=\"||30px||false|false\" custom_margin_last_edited=\"on|desktop\" custom_padding=\"0px||0px||false|false\" global_colors_info=\"{}\"]<iframe src=\"https:\/\/www.google.com\/maps\/embed?pb=!1m18!1m12!1m3!1d2723.6951897968447!2d7.397747177000404!3d46.94802957113694!2m3!1f0!2f0!3f0!3m2!1i1024!2i768!4f13.1!3m3!1m2!1s0x478e391725815233%3A0x51e95becbe1a8429!2sBS-Reinigungen%20AG!5e0!3m2!1sfr!2sch!4v1727094562519!5m2!1sfr!2sch\" width=\"600\" height=\"300\" style=\"border:0;\" allowfullscreen=\"\" loading=\"lazy\" referrerpolicy=\"no-referrer-when-downgrade\"><\/iframe>[\/et_pb_code][\/et_pb_column][et_pb_column type=\"1_3\" _builder_version=\"4.16\" custom_padding=\"|||\" global_colors_info=\"{}\" custom_padding__hover=\"|||\"][et_pb_text _builder_version=\"4.27.0\" _module_preset=\"default\" header_3_font_size=\"21px\" custom_margin=\"0px||35px||false|false\" custom_padding=\"0px||0px||false|false\" header_3_font_size_tablet=\"20px\" header_3_font_size_phone=\"19px\" header_3_font_size_last_edited=\"on|phone\" global_colors_info=\"{}\"]\n<h3>BS-Reinigungen AG Thun<\/h3>\nBernstrasse 15\n3600 Thun\n\n<a href=\"tel:+41319915650\">031 991 56 50<\/a>\n<a href=\"mailto:info@bs-reinigungen.ch\">info@bs-reinigungen.ch<\/a>\n\n[\/et_pb_text][et_pb_code _builder_version=\"4.27.0\" _module_preset=\"default\" custom_margin=\"0px||0px||false|false\" custom_margin_tablet=\"||30px||false|false\" custom_margin_phone=\"||30px||false|false\" custom_margin_last_edited=\"on|desktop\" custom_padding=\"0px||0px||false|false\" global_colors_info=\"{}\"]<iframe src=\"https:\/\/www.google.com\/maps\/embed?pb=!1m18!1m12!1m3!1d2733.054851331213!2d7.624766076992383!3d46.763815271125004!2m3!1f0!2f0!3f0!3m2!1i1024!2i768!4f13.1!3m3!1m2!1s0x478fb3f36bf1410d%3A0x4d6e157e342fe24d!2sBS-Reinigungen%20AG%20-%20Thun!5e0!3m2!1sfr!2sch!4v1727094685041!5m2!1sfr!2sch\" width=\"600\" height=\"300\" style=\"border:0;\" allowfullscreen=\"\" loading=\"lazy\" referrerpolicy=\"no-referrer-when-downgrade\"><\/iframe>[\/et_pb_code][\/et_pb_column][et_pb_column type=\"1_3\" _builder_version=\"4.16\" custom_padding=\"|||\" global_colors_info=\"{}\" custom_padding__hover=\"|||\"][et_pb_text _builder_version=\"4.27.0\" _module_preset=\"default\" header_3_font_size=\"21px\" custom_margin=\"0px||35px||false|false\" custom_padding=\"0px||0px||false|false\" header_3_font_size_tablet=\"20px\" header_3_font_size_phone=\"19px\" header_3_font_size_last_edited=\"on|phone\" global_colors_info=\"{}\"]\n<h3>BS-Reinigungen AG Fribourg<\/h3>\nRue de Romont 2\n1700 Fribourg\n\n<a href=\"tel:+41264979225\">026 497 92 25<\/a>\n<a href=\"mailto:info@bs-reinigungen.ch\">info@bs-reinigungen.ch<\/a>\n\n[\/et_pb_text][et_pb_code _builder_version=\"4.27.0\" _module_preset=\"default\" custom_margin=\"0px||0px||false|false\" custom_padding=\"0px||0px||false|false\" global_colors_info=\"{}\"]<iframe src=\"https:\/\/www.google.com\/maps\/embed?pb=!1m18!1m12!1m3!1d2730.977542920993!2d7.152704976994113!3d46.80474827112755!2m3!1f0!2f0!3f0!3m2!1i1024!2i768!4f13.1!3m3!1m2!1s0x478e402def90cdd5%3A0xf8e9a3d180c2c968!2sBS-Reinigungen%20AG!5e0!3m2!1sfr!2sch!4v1727094760462!5m2!1sfr!2sch\" width=\"600\" height=\"300\" style=\"border:0;\" allowfullscreen=\"\" loading=\"lazy\" referrerpolicy=\"no-referrer-when-downgrade\"><\/iframe>[\/et_pb_code][\/et_pb_column][\/et_pb_row][\/et_pb_section]","_et_gb_content_width":"","footnotes":""},"class_list":["post-440","page","type-page","status-publish","hentry"],"_links":{"self":[{"href":"https:\/\/bs-reinigungen.ch\/fr\/wp-json\/wp\/v2\/pages\/440","targetHints":{"allow":["GET"]}}],"collection":[{"href":"https:\/\/bs-reinigungen.ch\/fr\/wp-json\/wp\/v2\/pages"}],"about":[{"href":"https:\/\/bs-reinigungen.ch\/fr\/wp-json\/wp\/v2\/types\/page"}],"author":[{"embeddable":true,"href":"https:\/\/bs-reinigungen.ch\/fr\/wp-json\/wp\/v2\/users\/1"}],"replies":[{"embeddable":true,"href":"https:\/\/bs-reinigungen.ch\/fr\/wp-json\/wp\/v2\/comments?post=440"}],"version-history":[{"count":7,"href":"https:\/\/bs-reinigungen.ch\/fr\/wp-json\/wp\/v2\/pages\/440\/revisions"}],"predecessor-version":[{"id":691,"href":"https:\/\/bs-reinigungen.ch\/fr\/wp-json\/wp\/v2\/pages\/440\/revisions\/691"}],"wp:attachment":[{"href":"https:\/\/bs-reinigungen.ch\/fr\/wp-json\/wp\/v2\/media?parent=440"}],"curies":[{"name":"wp","href":"https:\/\/api.w.org\/{rel}","templated":true}]}}